{"id":5421,"date":"2025-08-10T16:49:02","date_gmt":"2025-08-10T16:49:02","guid":{"rendered":"https:\/\/delkarin.com\/site\/?post_type=product&#038;p=5421"},"modified":"2025-08-10T17:07:53","modified_gmt":"2025-08-10T17:07:53","slug":"torta-beso-de-angel-2","status":"publish","type":"product","link":"https:\/\/delkarin.com\/site\/index.php\/product\/torta-beso-de-angel-2\/","title":{"rendered":"Torta Beso de \u00c1ngel"},"content":{"rendered":"","protected":false},"excerpt":{"rendered":"<div>Beso de \u00c1ngel: El postre perfecto<br \/>\n\u200bUn sue\u00f1o hecho realidad para los amantes de los postres. El Beso de \u00c1ngel es la combinaci\u00f3n perfecta de un bizcocho de tres leches y un cremoso quesillo, creando una textura suave y un sabor inigualable. Cada rebanada es una experiencia celestial que te transportar\u00e1 al cielo con su dulzura y cremosidad.<\/div>\n<div><\/div>\n<div>Solicita m\u00e1s Informaci\u00f3n<\/div>\n\n<div class=\"wpcf7 no-js\" id=\"wpcf7-f5422-o1\" lang=\"es-ES\" dir=\"ltr\">\n<div class=\"screen-reader-response\"><p role=\"status\" aria-live=\"polite\" aria-atomic=\"true\"><\/p> <ul><\/ul><\/div>\n<form action=\"\/site\/index.php\/wp-json\/wp\/v2\/product\/5421#wpcf7-f5422-o1\" method=\"post\" class=\"wpcf7-form init\" aria-label=\"Formulario de contacto\" novalidate=\"novalidate\" data-status=\"init\">\n<div style=\"display: none;\">\n<input type=\"hidden\" name=\"_wpcf7\" value=\"5422\" \/>\n<input type=\"hidden\" name=\"_wpcf7_version\" value=\"5.8.4\" \/>\n<input type=\"hidden\" name=\"_wpcf7_locale\" value=\"es_ES\" \/>\n<input type=\"hidden\" name=\"_wpcf7_unit_tag\" value=\"wpcf7-f5422-o1\" \/>\n<input type=\"hidden\" name=\"_wpcf7_container_post\" value=\"0\" \/>\n<input type=\"hidden\" name=\"_wpcf7_posted_data_hash\" value=\"\" \/>\n<\/div>\n<p><label> Tu nombre<br \/>\n<span class=\"wpcf7-form-control-wrap\" data-name=\"your-name\"><input size=\"40\" class=\"wpcf7-form-control wpcf7-text wpcf7-validates-as-required\" autocomplete=\"name\" aria-required=\"true\" aria-invalid=\"false\" value=\"\" type=\"text\" name=\"your-name\" \/><\/span> <\/label>\n<\/p>\n<p><label> Tu correo electr\u00f3nico<br \/>\n<span class=\"wpcf7-form-control-wrap\" data-name=\"your-email\"><input size=\"40\" class=\"wpcf7-form-control wpcf7-email wpcf7-validates-as-required wpcf7-text wpcf7-validates-as-email\" autocomplete=\"email\" aria-required=\"true\" aria-invalid=\"false\" value=\"\" type=\"email\" name=\"your-email\" \/><\/span> <\/label>\n<\/p>\n<p><label> Torta<br \/>\n<span class=\"wpcf7-form-control-wrap\" data-name=\"arbol-pro\"><select class=\"wpcf7-form-control wpcf7-select\" aria-invalid=\"false\" name=\"arbol-pro\"><option value=\"Torta Beso de \u00c1ngel\">Torta Beso de \u00c1ngel<\/option><\/select><\/span><\/label>\n<\/p>\n<p><label> Tama\u00f1o<br \/>\n<span class=\"wpcf7-form-control-wrap\" data-name=\"arbol-pro-tam\"><select class=\"wpcf7-form-control wpcf7-select\" aria-invalid=\"false\" name=\"arbol-pro-tam\"><option value=\"Consultar tama\u00f1o\">Consultar tama\u00f1o<\/option><\/select><\/span><\/label>\n<\/p>\n<p><label> Tu mensaje (opcional)<br \/>\n<span class=\"wpcf7-form-control-wrap\" data-name=\"tumensaje\"><input size=\"40\" class=\"wpcf7-form-control wpcf7-text\" aria-invalid=\"false\" value=\"\" type=\"text\" name=\"tumensaje\" \/><\/span> <\/label>\n<\/p>\n<p><input class=\"wpcf7-form-control wpcf7-submit has-spinner\" type=\"submit\" value=\"Enviar\" \/>\n<\/p><div class=\"wpcf7-response-output\" aria-hidden=\"true\"><\/div>\n<\/form>\n<\/div>\n\n","protected":false},"featured_media":5412,"template":"","meta":[],"product_cat":[15],"product_tag":[],"_links":{"self":[{"href":"https:\/\/delkarin.com\/site\/index.php\/wp-json\/wp\/v2\/product\/5421"}],"collection":[{"href":"https:\/\/delkarin.com\/site\/index.php\/wp-json\/wp\/v2\/product"}],"about":[{"href":"https:\/\/delkarin.com\/site\/index.php\/wp-json\/wp\/v2\/types\/product"}],"wp:featuredmedia":[{"embeddable":true,"href":"https:\/\/delkarin.com\/site\/index.php\/wp-json\/wp\/v2\/media\/5412"}],"wp:attachment":[{"href":"https:\/\/delkarin.com\/site\/index.php\/wp-json\/wp\/v2\/media?parent=5421"}],"wp:term":[{"taxonomy":"product_cat","embeddable":true,"href":"https:\/\/delkarin.com\/site\/index.php\/wp-json\/wp\/v2\/product_cat?post=5421"},{"taxonomy":"product_tag","embeddable":true,"href":"https:\/\/delkarin.com\/site\/index.php\/wp-json\/wp\/v2\/product_tag?post=5421"}],"curies":[{"name":"wp","href":"https:\/\/api.w.org\/{rel}","templated":true}]}}